{"id":67,"date":"2026-02-17T09:43:16","date_gmt":"2026-02-17T09:43:16","guid":{"rendered":"https:\/\/itsyourlife.nl\/?page_id=67"},"modified":"2026-02-17T09:43:16","modified_gmt":"2026-02-17T09:43:16","slug":"business-model","status":"publish","type":"page","link":"https:\/\/itsyourlife.nl\/?page_id=67","title":{"rendered":"Business mode;l"},"content":{"rendered":"\n<p>Wij beschikken over een uniek businessmodel dat wellicht het voertuig zou kunnen zijn naar jo\u00faw beste leven.<br>We hebben ruim 20 jaar de praktische ervaring om mensen te helpen geheel financieel onafhankelijk te worden van banen en werkgevers en daarmee een onbezorgde toekomst te cre\u00ebren. Ongeacht je huidige beroep en ongeacht of je dit in eerste instantie parttime doet naast je huidige (fulltime) baan, of direct fulltime.<\/p>\n\n\n\n<p>Wij kunnen met name iets betekenen voor mensen die zich herkennen in een of meerdere van onderstaande situaties:<\/p>\n\n\n\n<ul class=\"wp-block-list\">\n<li>Je gaat met tegenzin naar je werk<\/li>\n\n\n\n<li>Je wil financieel m\u00e9\u00e9r dan je baan nu oplevert<\/li>\n\n\n\n<li>Je wil meer vrijheid<\/li>\n\n\n\n<li>Je wil meer tijd met je dierbaren kunnen doorbrengen<\/li>\n\n\n\n<li>Je maakt je zorgen over je (toekomstig) pensioen<\/li>\n\n\n\n<li>Je beseft dat tegenwoordig niemand meer zeker is van het behoud van een baan en dat ook jij op een dag werkloos kunt zijn.<\/li>\n<\/ul>\n\n\n\n<p>Kortom, je zoekt een oplossing, weet misschien niet precies wat, maar je wil wel graag het heft in eigen hand nemen.<\/p>\n\n\n\n<p>Welkom bij een kans om het anders te doen&nbsp;en je eigen&nbsp;<strong>vrijheid<\/strong>&nbsp;op te bouwen!<br>Voor iedereen die verlangt naar meer&nbsp;<strong>tijd<\/strong>,&nbsp;<strong>energie<\/strong>, f<strong>inanci\u00eble onafhankelijkheid<\/strong><br>en een leven op&nbsp;<strong>eigen voorwaarden.<\/strong><br>Je hoeft niet perfect te zijn. Alleen nieuwsgierig en open om iets nieuws te leren.<\/p>\n\n\n\n<p><strong>Herken jij jezelf hierin?<\/strong><\/p>\n\n\n\n<p>\u2713 Je verlangt naar meer vrijheid en regie over je tijd<br>\u2713 Je wil m\u00e9\u00e9r tijd voor jezelf \u00e9n je gezin<br>\u2713 Je droomt ervan om te werken waar en wanneer jij wilt<br>\u2713 Je staat open voor verandering en bent nieuwsgierig naar nieuwe mogelijkheden<br>\u2713 Je zoekt een manier om extra inkomsten of zelfs passief inkomen te genereren<br>\u2713 Je wil iets opbouwen voor jezelf, naast je baan of als nieuw begin<br>\u2713 Je maakt je zorgen over financi\u00eble zekerheid of je pensioen later<br>\u2713 Je vindt het leuk om met mensen te werken en anderen te inspireren<br><br><strong>Dan is dit geen toeval. Je leest dit met een reden. Scroll rustig verder.<\/strong><\/p>\n","protected":false},"excerpt":{"rendered":"<p>Wij beschikken over een uniek businessmodel dat wellicht het voertuig zou kunnen zijn naar jo\u00faw beste leven.We hebben ruim 20 jaar de praktische ervaring om mensen te helpen geheel financieel onafhankelijk te worden van banen en werkgevers en daarmee een onbezorgde toekomst te cre\u00ebren. Ongeacht je huidige beroep en ongeacht of je dit in eerste &hellip; <a href=\"https:\/\/itsyourlife.nl\/?page_id=67\" class=\"more-link\">Lees verder <span class=\"screen-reader-text\">&#8220;Business mode;l&#8221;<\/span><\/a><\/p>\n","protected":false},"author":1,"featured_media":0,"parent":0,"menu_order":0,"comment_status":"closed","ping_status":"closed","template":"","meta":{"footnotes":""},"class_list":["post-67","page","type-page","status-publish","hentry"],"_links":{"self":[{"href":"https:\/\/itsyourlife.nl\/index.php?rest_route=\/wp\/v2\/pages\/67","targetHints":{"allow":["GET"]}}],"collection":[{"href":"https:\/\/itsyourlife.nl\/index.php?rest_route=\/wp\/v2\/pages"}],"about":[{"href":"https:\/\/itsyourlife.nl\/index.php?rest_route=\/wp\/v2\/types\/page"}],"author":[{"embeddable":true,"href":"https:\/\/itsyourlife.nl\/index.php?rest_route=\/wp\/v2\/users\/1"}],"replies":[{"embeddable":true,"href":"https:\/\/itsyourlife.nl\/index.php?rest_route=%2Fwp%2Fv2%2Fcomments&post=67"}],"version-history":[{"count":1,"href":"https:\/\/itsyourlife.nl\/index.php?rest_route=\/wp\/v2\/pages\/67\/revisions"}],"predecessor-version":[{"id":68,"href":"https:\/\/itsyourlife.nl\/index.php?rest_route=\/wp\/v2\/pages\/67\/revisions\/68"}],"wp:attachment":[{"href":"https:\/\/itsyourlife.nl\/index.php?rest_route=%2Fwp%2Fv2%2Fmedia&parent=67"}],"curies":[{"name":"wp","href":"https:\/\/api.w.org\/{rel}","templated":true}]}}